{"id":167,"date":"2026-04-05T15:37:18","date_gmt":"2026-04-05T13:37:18","guid":{"rendered":"https:\/\/jabez.de\/?page_id=167"},"modified":"2026-04-05T15:41:45","modified_gmt":"2026-04-05T13:41:45","slug":"167-2","status":"publish","type":"page","link":"https:\/\/jabez.de\/?page_id=167","title":{"rendered":"Impressum"},"content":{"rendered":"<h1><strong>\ud83d\udcc4 Impressum<\/strong><\/h1>\n<p><strong>Angaben gem\u00e4\u00df \u00a7 5 TMG<\/strong><\/p>\n<p><strong>Matthias Kletzsch Consulting<\/strong> xSkills<br \/>\nRebhuhnweg 28<br \/>\n82256 F\u00fcrstenfeldbruck<br \/>\nMetropolregion M\u00fcnchen<br \/>\nDeutschland<\/p>\n<p><strong>Kontakt<\/strong><\/p>\n<p>Telefon: 08141 3154509<br \/>\nE\u2011Mail: info(a) xskills (.) de<br \/>\nWebsites:<\/p>\n<ul>\n<li>xSkills.de<\/li>\n<li>Jabez.de<\/li>\n<li>unternehmensberatung-ffb.de<\/li>\n<li>translation24h.de<\/li>\n<\/ul>\n<p><strong>Vertreten durch:<\/strong> Matthias Kletzsch<\/p>\n<div><\/div>\n<h2><strong>Berufsbezeichnung<\/strong><\/h2>\n<p>Unternehmensberater \/ Consultant \/ Verleger \/ Autor<\/p>\n<div><\/div>\n<h2><strong>Haftung f\u00fcr Inhalte<\/strong><\/h2>\n<p>Als Diensteanbieter sind wir gem\u00e4\u00df \u00a7 7 Abs. 1 TMG f\u00fcr eigene Inhalte auf diesen Seiten nach den allgemeinen Gesetzen verantwortlich. Nach \u00a7\u00a7 8 bis 10 TMG sind wir jedoch nicht verpflichtet, \u00fcbermittelte oder gespeicherte fremde Informationen zu \u00fcberwachen oder nach Umst\u00e4nden zu forschen, die auf eine rechtswidrige T\u00e4tigkeit hinweisen.<\/p>\n<p>Verpflichtungen zur Entfernung oder Sperrung der Nutzung von Informationen nach den allgemeinen Gesetzen bleiben hiervon unber\u00fchrt. Eine diesbez\u00fcgliche Haftung ist jedoch erst ab dem Zeitpunkt der Kenntnis einer konkreten Rechtsverletzung m\u00f6glich. Bei Bekanntwerden entsprechender Rechtsverletzungen werden wir diese Inhalte umgehend entfernen.<\/p>\n<div><\/div>\n<h2><strong>Haftung f\u00fcr Links<\/strong><\/h2>\n<p>Unser Angebot enth\u00e4lt Links zu externen Websites Dritter, auf deren Inhalte wir keinen Einfluss haben. Deshalb k\u00f6nnen wir f\u00fcr diese fremden Inhalte auch keine Gew\u00e4hr \u00fcbernehmen. F\u00fcr die Inhalte der verlinkten Seiten ist stets der jeweilige Anbieter oder Betreiber der Seiten verantwortlich.<\/p>\n<p>Bei Bekanntwerden von Rechtsverletzungen werden wir derartige Links umgehend entfernen.<\/p>\n<div><\/div>\n<h2><strong>Urheberrecht<\/strong><\/h2>\n<p>Die durch den Seitenbetreiber erstellten Inhalte und Werke auf diesen Seiten unterliegen dem deutschen Urheberrecht. Die Vervielf\u00e4ltigung, Bearbeitung, Verbreitung und jede Art der Verwertung au\u00dferhalb der Grenzen des Urheberrechts bed\u00fcrfen der schriftlichen Zustimmung des jeweiligen Autors bzw. Erstellers.<\/p>\n<p>Downloads und Kopien dieser Seite sind nur f\u00fcr den privaten, nicht kommerziellen Gebrauch gestattet.<\/p>\n<div><\/div>\n<h2><strong>Streitbeilegung<\/strong><\/h2>\n<p>Die Europ\u00e4ische Kommission stellt eine Plattform zur Online-Streitbeilegung (OS) bereit: https:\/\/ec.europa.eu\/consumers\/odr\/<\/p>\n<p>Wir sind nicht verpflichtet und nicht bereit, an Streitbeilegungsverfahren vor einer Verbraucherschlichtungsstelle teilzunehmen.<\/p>\n","protected":false},"excerpt":{"rendered":"<p>\ud83d\udcc4 Impressum Angaben gem\u00e4\u00df \u00a7 5 TMG Matthias Kletzsch Consulting xSkills Rebhuhnweg 28 82256 F\u00fcrstenfeldbruck Metropolregion M\u00fcnchen Deutschland Kontakt Telefon: 08141 3154509 E\u2011Mail: info(a) xskills (.) de Websites: xSkills.de Jabez.de unternehmensberatung-ffb.de translation24h.de Vertreten durch: Matthias Kletzsch Berufsbezeichnung Unternehmensberater \/ Consultant \/ Verleger \/ Autor Haftung f\u00fcr Inhalte Als Diensteanbieter sind wir gem\u00e4\u00df \u00a7 7 Abs. 1 TMG f\u00fcr eigene Inhalte<\/p>\n<div class=\"clearfix\"><\/div>\n<div class=\"pull-left padding-top-25\"><a href=\"https:\/\/jabez.de\/?page_id=167\" class=\"btn btn-theme\">Continue reading<span class=\"screen-reader-text\"> &#8222;Impressum&#8220;<\/span> <i class=\"fa fa-fw fa-long-arrow-right\"><\/i> <\/a>  <\/div>\n","protected":false},"author":1,"featured_media":0,"parent":0,"menu_order":0,"comment_status":"closed","ping_status":"closed","template":"","meta":{"footnotes":""},"class_list":["post-167","page","type-page","status-publish","hentry"],"_links":{"self":[{"href":"https:\/\/jabez.de\/index.php?rest_route=\/wp\/v2\/pages\/167","targetHints":{"allow":["GET"]}}],"collection":[{"href":"https:\/\/jabez.de\/index.php?rest_route=\/wp\/v2\/pages"}],"about":[{"href":"https:\/\/jabez.de\/index.php?rest_route=\/wp\/v2\/types\/page"}],"author":[{"embeddable":true,"href":"https:\/\/jabez.de\/index.php?rest_route=\/wp\/v2\/users\/1"}],"replies":[{"embeddable":true,"href":"https:\/\/jabez.de\/index.php?rest_route=%2Fwp%2Fv2%2Fcomments&post=167"}],"version-history":[{"count":5,"href":"https:\/\/jabez.de\/index.php?rest_route=\/wp\/v2\/pages\/167\/revisions"}],"predecessor-version":[{"id":174,"href":"https:\/\/jabez.de\/index.php?rest_route=\/wp\/v2\/pages\/167\/revisions\/174"}],"wp:attachment":[{"href":"https:\/\/jabez.de\/index.php?rest_route=%2Fwp%2Fv2%2Fmedia&parent=167"}],"curies":[{"name":"wp","href":"https:\/\/api.w.org\/{rel}","templated":true}]}}