{"id":113,"date":"2026-04-05T13:02:32","date_gmt":"2026-04-05T11:02:32","guid":{"rendered":"https:\/\/jabez.de\/?page_id=113"},"modified":"2026-04-05T13:14:24","modified_gmt":"2026-04-05T11:14:24","slug":"ki-sinnvoll-oder-nicht","status":"publish","type":"page","link":"https:\/\/jabez.de\/?page_id=113","title":{"rendered":"KI Sinnvoll oder nicht?"},"content":{"rendered":"<h1>KI Sinnvoll oder nicht?<\/h1>\n<p><img loading=\"lazy\" decoding=\"async\" class=\"size-medium wp-image-19 alignleft\" src=\"https:\/\/jabez.de\/wp-content\/uploads\/2026\/03\/KI-Titel-A5-front-209x300.jpg\" alt=\"\" width=\"209\" height=\"300\" srcset=\"https:\/\/jabez.de\/wp-content\/uploads\/2026\/03\/KI-Titel-A5-front-209x300.jpg 209w, https:\/\/jabez.de\/wp-content\/uploads\/2026\/03\/KI-Titel-A5-front-713x1024.jpg 713w, https:\/\/jabez.de\/wp-content\/uploads\/2026\/03\/KI-Titel-A5-front-768x1102.jpg 768w, https:\/\/jabez.de\/wp-content\/uploads\/2026\/03\/KI-Titel-A5-front-1070x1536.jpg 1070w, https:\/\/jabez.de\/wp-content\/uploads\/2026\/03\/KI-Titel-A5-front-1427x2048.jpg 1427w, https:\/\/jabez.de\/wp-content\/uploads\/2026\/03\/KI-Titel-A5-front-scaled.jpg 1784w\" sizes=\"auto, (max-width: 209px) 100vw, 209px\" \/><\/p>\n<p>KI ist nicht der neue Praktikant f\u00fcrs Texten. Sondern der neue Mitarbeiter f\u00fcr Prozesse.<br \/>Wenn heute \u00fcber \u201eKI im Unternehmen\u201c gesprochen wird, entsteht in vielen K\u00f6pfen sofort ein Bild:<br \/>ChatGPT, Textbots, Marketing\u2011Automatisierung.<br \/>Nett. Hilfreich. Aber f\u00fcr die meisten Unternehmen nicht der Ort, an dem Wert entsteht.<br \/>Die eigentliche Revolution findet woanders statt.<\/p>\n<p>KI ver\u00e4ndert nicht die Kommunikation. Ersetzt keine Arbeitspl\u00e4tze, KI ver\u00e4ndert die Abl\u00e4ufe.<\/p>\n<p>\u00a0<\/p>\n\n<hr class=\"wp-block-separator has-alpha-channel-opacity\"\/>\n\n<div class=\"su-tabs su-tabs-style-default su-tabs-mobile-scroll\" data-active=\"1\" data-scroll-offset=\"0\" data-anchor-in-url=\"no\"><div class=\"su-tabs-nav\"><span class=\"\" data-url=\"\" data-target=\"blank\" tabindex=\"0\" role=\"button\">Beschreibung<\/span><span class=\"\" data-url=\"\" data-target=\"blank\" tabindex=\"0\" role=\"button\">Inhaltsverzeichnis<\/span><span class=\"\" data-url=\"\" data-target=\"blank\" tabindex=\"0\" role=\"button\">Text Auszug<\/span><span class=\"\" data-url=\"\" data-target=\"blank\" tabindex=\"0\" role=\"button\">Reality Test<\/span><span class=\"\" data-url=\"\" data-target=\"blank\" tabindex=\"0\" role=\"button\">Autor<\/span><\/div><div class=\"su-tabs-panes\"><div class=\"su-tabs-pane su-u-clearfix su-u-trim\" data-title=\"Beschreibung\">Beschreibung<\/div>\n<div class=\"su-tabs-pane su-u-clearfix su-u-trim\" data-title=\"Inhaltsverzeichnis\">Inhaltsverzeichnis<\/div>\n<div class=\"su-tabs-pane su-u-clearfix su-u-trim\" data-title=\"Text Auszug\">Text Auszug<\/div>\n<div class=\"su-tabs-pane su-u-clearfix su-u-trim\" data-title=\"Reality Test\">Reality Test<\/div>\n<div class=\"su-tabs-pane su-u-clearfix su-u-trim\" data-title=\"Autor\">Autor<\/div><\/div><\/div>\n\n\n<p><\/p>\n\n\n<\/div>\n<p><!-- \/wp:post-content --><\/p>\n\n","protected":false},"excerpt":{"rendered":"<p>KI Sinnvoll oder nicht? KI ist nicht der neue Praktikant f\u00fcrs Texten. Sondern der neue Mitarbeiter f\u00fcr Prozesse.Wenn heute \u00fcber \u201eKI im Unternehmen\u201c gesprochen wird, entsteht in vielen K\u00f6pfen sofort ein Bild:ChatGPT, Textbots, Marketing\u2011Automatisierung.Nett. Hilfreich. Aber f\u00fcr die meisten Unternehmen nicht der Ort, an dem Wert entsteht.Die eigentliche Revolution findet woanders statt. KI ver\u00e4ndert nicht die Kommunikation. Ersetzt keine Arbeitspl\u00e4tze,<\/p>\n<div class=\"clearfix\"><\/div>\n<div class=\"pull-left padding-top-25\"><a href=\"https:\/\/jabez.de\/?page_id=113\" class=\"btn btn-theme\">Continue reading<span class=\"screen-reader-text\"> &#8222;KI Sinnvoll oder nicht?&#8220;<\/span> <i class=\"fa fa-fw fa-long-arrow-right\"><\/i> <\/a>  <\/div>\n","protected":false},"author":1,"featured_media":0,"parent":18,"menu_order":0,"comment_status":"closed","ping_status":"closed","template":"","meta":{"footnotes":""},"class_list":["post-113","page","type-page","status-publish","hentry"],"_links":{"self":[{"href":"https:\/\/jabez.de\/index.php?rest_route=\/wp\/v2\/pages\/113","targetHints":{"allow":["GET"]}}],"collection":[{"href":"https:\/\/jabez.de\/index.php?rest_route=\/wp\/v2\/pages"}],"about":[{"href":"https:\/\/jabez.de\/index.php?rest_route=\/wp\/v2\/types\/page"}],"author":[{"embeddable":true,"href":"https:\/\/jabez.de\/index.php?rest_route=\/wp\/v2\/users\/1"}],"replies":[{"embeddable":true,"href":"https:\/\/jabez.de\/index.php?rest_route=%2Fwp%2Fv2%2Fcomments&post=113"}],"version-history":[{"count":5,"href":"https:\/\/jabez.de\/index.php?rest_route=\/wp\/v2\/pages\/113\/revisions"}],"predecessor-version":[{"id":118,"href":"https:\/\/jabez.de\/index.php?rest_route=\/wp\/v2\/pages\/113\/revisions\/118"}],"up":[{"embeddable":true,"href":"https:\/\/jabez.de\/index.php?rest_route=\/wp\/v2\/pages\/18"}],"wp:attachment":[{"href":"https:\/\/jabez.de\/index.php?rest_route=%2Fwp%2Fv2%2Fmedia&parent=113"}],"curies":[{"name":"wp","href":"https:\/\/api.w.org\/{rel}","templated":true}]}}